{"id":24,"date":"2022-03-16T12:53:59","date_gmt":"2022-03-16T12:53:59","guid":{"rendered":"http:\/\/10.1.1.192\/dept_telecom\/?page_id=24"},"modified":"2026-03-01T11:15:08","modified_gmt":"2026-03-01T11:15:08","slug":"deliberation","status":"publish","type":"page","link":"https:\/\/fge.usthb.dz\/dept_telecom\/index.php\/deliberation\/","title":{"rendered":"D\u00e9lib\u00e9rations"},"content":{"rendered":"\n<p><strong>Licence<\/strong><\/p>\n\n\n\n<p><a href=\"https:\/\/drive.google.com\/drive\/folders\/1YkhQIndUQrGtwsrhzX1ASGwiP-Oeknij\">PV de d\u00e9lib\u00e9ration t\u00e9l\u00e9communication 2025-2026<\/a><\/p>\n\n\n\n<p><strong>Master<\/strong><\/p>\n\n\n\n<p><a href=\"https:\/\/drive.google.com\/drive\/folders\/1UGUbSYgmyVfECTH_Mp4oiZZebN_75HMU\">PV de d\u00e9lib\u00e9ration t\u00e9l\u00e9communication 2025-2026<\/a><\/p>\n\n\n\n<p><a href=\"https:\/\/drive.google.com\/drive\/folders\/1olreoxjDKLYJJs6qATjCPwKNbvvuJBK8\">PV de d\u00e9lib\u00e9ration M2 t\u00e9l\u00e9communication apr\u00e8s rattrapage<\/a><\/p>\n\n\n\n<p><strong>Ing\u00e9niorat<\/strong><\/p>\n\n\n\n<p><a href=\"https:\/\/drive.google.com\/drive\/folders\/12QuHiIF9d-L8Z6j3eD3FewlJ0hRcQTzU\">PV de d\u00e9lib\u00e9ration t\u00e9l\u00e9communication 2025-2026<\/a><\/p>\n\n\n\n<p class=\"has-small-font-size\"><\/p>\n\n\n\n<p><\/p>\n","protected":false},"excerpt":{"rendered":"<p>Licence PV de d\u00e9lib\u00e9ration t\u00e9l\u00e9communication 2025-2026 Master PV de d\u00e9lib\u00e9ration t\u00e9l\u00e9communication 2025-2026 PV de d\u00e9lib\u00e9ration <span class=\"readmore\"><a href=\"https:\/\/fge.usthb.dz\/dept_telecom\/index.php\/deliberation\/\">Suite<\/a><\/span><\/p>\n","protected":false},"author":1,"featured_media":434,"parent":0,"menu_order":0,"comment_status":"closed","ping_status":"closed","template":"","meta":{"footnotes":""},"class_list":["post-24","page","type-page","status-publish","has-post-thumbnail","hentry"],"_links":{"self":[{"href":"https:\/\/fge.usthb.dz\/dept_telecom\/index.php\/wp-json\/wp\/v2\/pages\/24","targetHints":{"allow":["GET"]}}],"collection":[{"href":"https:\/\/fge.usthb.dz\/dept_telecom\/index.php\/wp-json\/wp\/v2\/pages"}],"about":[{"href":"https:\/\/fge.usthb.dz\/dept_telecom\/index.php\/wp-json\/wp\/v2\/types\/page"}],"author":[{"embeddable":true,"href":"https:\/\/fge.usthb.dz\/dept_telecom\/index.php\/wp-json\/wp\/v2\/users\/1"}],"replies":[{"embeddable":true,"href":"https:\/\/fge.usthb.dz\/dept_telecom\/index.php\/wp-json\/wp\/v2\/comments?post=24"}],"version-history":[{"count":22,"href":"https:\/\/fge.usthb.dz\/dept_telecom\/index.php\/wp-json\/wp\/v2\/pages\/24\/revisions"}],"predecessor-version":[{"id":1080,"href":"https:\/\/fge.usthb.dz\/dept_telecom\/index.php\/wp-json\/wp\/v2\/pages\/24\/revisions\/1080"}],"wp:featuredmedia":[{"embeddable":true,"href":"https:\/\/fge.usthb.dz\/dept_telecom\/index.php\/wp-json\/wp\/v2\/media\/434"}],"wp:attachment":[{"href":"https:\/\/fge.usthb.dz\/dept_telecom\/index.php\/wp-json\/wp\/v2\/media?parent=24"}],"curies":[{"name":"wp","href":"https:\/\/api.w.org\/{rel}","templated":true}]}}