{"id":22,"date":"2022-03-16T12:53:59","date_gmt":"2022-03-16T12:53:59","guid":{"rendered":"http:\/\/10.1.1.192\/dept_telecom\/?page_id=22"},"modified":"2023-01-24T10:41:42","modified_gmt":"2023-01-24T10:41:42","slug":"master","status":"publish","type":"page","link":"https:\/\/fge.usthb.dz\/dept_telecom\/index.php\/master\/","title":{"rendered":"Master"},"content":{"rendered":"\n<p>La formation est \u00e9tal\u00e9e sur 04 semestres, le dernier semestre est consacr\u00e9 \u00e0 un projet.<\/p>\n\n\n\n<ul class=\"wp-block-list\"><li><a href=\"https:\/\/fge.usthb.dz\/wp-content\/uploads\/2023\/01\/Programme-master-RT-MAJ-2022_.pdf\">Master R\u00e9seaux et T\u00e9l\u00e9communications RT<\/a><\/li><li><a href=\"https:\/\/fge.usthb.dz\/wp-content\/uploads\/2023\/01\/Programme-master-ST-MAJ-2022_.pdf\">Master Syst\u00e8mes de T\u00e9l\u00e9communications ST<\/a><\/li><li><a href=\"https:\/\/fge.usthb.dz\/wp-content\/uploads\/2023\/01\/Programme_master-RRM_2021_Apres_Expertise.pdf\">Master Reseau Radio Mobiles RRM<\/a><\/li><li><a href=\"https:\/\/fge.usthb.dz\/wp-content\/uploads\/2022\/11\/Master_CRM_compressed.pdf\">Master Reseau Radio Mobiles CRM<\/a><\/li><\/ul>\n","protected":false},"excerpt":{"rendered":"<p>La formation est \u00e9tal\u00e9e sur 04 semestres, le dernier semestre est consacr\u00e9 \u00e0 un projet. <span class=\"readmore\"><a href=\"https:\/\/fge.usthb.dz\/dept_telecom\/index.php\/master\/\">Suite<\/a><\/span><\/p>\n","protected":false},"author":1,"featured_media":0,"parent":0,"menu_order":0,"comment_status":"closed","ping_status":"closed","template":"","meta":{"footnotes":""},"class_list":["post-22","page","type-page","status-publish","hentry"],"_links":{"self":[{"href":"https:\/\/fge.usthb.dz\/dept_telecom\/index.php\/wp-json\/wp\/v2\/pages\/22","targetHints":{"allow":["GET"]}}],"collection":[{"href":"https:\/\/fge.usthb.dz\/dept_telecom\/index.php\/wp-json\/wp\/v2\/pages"}],"about":[{"href":"https:\/\/fge.usthb.dz\/dept_telecom\/index.php\/wp-json\/wp\/v2\/types\/page"}],"author":[{"embeddable":true,"href":"https:\/\/fge.usthb.dz\/dept_telecom\/index.php\/wp-json\/wp\/v2\/users\/1"}],"replies":[{"embeddable":true,"href":"https:\/\/fge.usthb.dz\/dept_telecom\/index.php\/wp-json\/wp\/v2\/comments?post=22"}],"version-history":[{"count":11,"href":"https:\/\/fge.usthb.dz\/dept_telecom\/index.php\/wp-json\/wp\/v2\/pages\/22\/revisions"}],"predecessor-version":[{"id":422,"href":"https:\/\/fge.usthb.dz\/dept_telecom\/index.php\/wp-json\/wp\/v2\/pages\/22\/revisions\/422"}],"wp:attachment":[{"href":"https:\/\/fge.usthb.dz\/dept_telecom\/index.php\/wp-json\/wp\/v2\/media?parent=22"}],"curies":[{"name":"wp","href":"https:\/\/api.w.org\/{rel}","templated":true}]}}