{"id":20,"date":"2022-03-16T12:53:59","date_gmt":"2022-03-16T12:53:59","guid":{"rendered":"http:\/\/10.1.1.192\/dept_telecom\/?page_id=20"},"modified":"2025-07-13T12:38:10","modified_gmt":"2025-07-13T12:38:10","slug":"documents-administratifs","status":"publish","type":"page","link":"https:\/\/fge.usthb.dz\/dept_telecom\/index.php\/documents-administratifs\/","title":{"rendered":"Notes aux \u00e9tudiants"},"content":{"rendered":"\n<p class=\"has-text-color has-link-color has-normal-font-size wp-elements-ebf1361e8cc87747fd839b5bd09bd279\" style=\"color:#620000\">r\u00e9sultats d\u2019orientation des \u00e9tudiants L3 en master 2025<\/p>\n\n\n\n<p><a href=\"https:\/\/fge.usthb.dz\/wp-content\/uploads\/2025\/07\/ST.pdf\">Master Syst\u00e8mes de T\u00e9l\u00e9communications (ST)<\/a><\/p>\n\n\n\n<p><a href=\"https:\/\/fge.usthb.dz\/wp-content\/uploads\/2025\/07\/RT.pdf\">&nbsp;&nbsp; Master R\u00e9seaux de T\u00e9l\u00e9communications (RT)<\/a><\/p>\n\n\n\n<p>Les listes des \u00e9tudiants (L2-L3) 2023-2024:<\/p>\n\n\n\n<p><a href=\"https:\/\/fge.usthb.dz\/wp-content\/uploads\/2023\/10\/2ELN.xlsx\"><\/a><a href=\"https:\/\/fge.usthb.dz\/wp-content\/uploads\/2023\/10\/2TEL.xlsx\">Liste des \u00e9tudiants <strong>L2<\/strong> TEL (A-B)<\/a><\/p>\n\n\n\n<p><a href=\"https:\/\/fge.usthb.dz\/wp-content\/uploads\/2023\/10\/3TEL.xlsx\">Liste des \u00e9tudiants <strong>L<\/strong>3 TEL (A-B)<\/a><\/p>\n\n\n\n<p>des listes des \u00e9tudiants (M1-M2) 2023-2024:<br><a href=\"https:\/\/fge.usthb.dz\/wp-content\/uploads\/2023\/10\/M1-TEL.xlsx\">Liste des \u00e9tudiants M1 (RTa-RTb-ST-RRM)<\/a><\/p>\n\n\n\n<p><a href=\"https:\/\/fge.usthb.dz\/wp-content\/uploads\/2023\/10\/M2-TEL.xlsx\">Liste des \u00e9tudiants M2 (RTa-RTb-ST-RRM)<\/a><br><\/p>\n\n\n\n<p><a href=\"https:\/\/fge.usthb.dz\/index.php\/fiches-technique\/\">Fiches technique<\/a><\/p>\n\n\n\n<p><a href=\"https:\/\/fge.usthb.dz\/wp-content\/uploads\/2022\/11\/Annexe-descriptive-departement-Telecommunication.docx\">Annexe descriptive d\u00e9partement Tel\u00e9communication<\/a><\/p>\n\n\n\n<p class=\"has-text-color\" style=\"color:#880081\"><\/p>\n\n\n\n<p><\/p>\n\n\n\n<p><\/p>\n\n\n\n<p><\/p>\n","protected":false},"excerpt":{"rendered":"<p>r\u00e9sultats d\u2019orientation des \u00e9tudiants L3 en master 2025 Master Syst\u00e8mes de T\u00e9l\u00e9communications (ST) &nbsp;&nbsp; Master <span class=\"readmore\"><a href=\"https:\/\/fge.usthb.dz\/dept_telecom\/index.php\/documents-administratifs\/\">Suite<\/a><\/span><\/p>\n","protected":false},"author":1,"featured_media":0,"parent":0,"menu_order":0,"comment_status":"closed","ping_status":"closed","template":"","meta":{"footnotes":""},"class_list":["post-20","page","type-page","status-publish","hentry"],"_links":{"self":[{"href":"https:\/\/fge.usthb.dz\/dept_telecom\/index.php\/wp-json\/wp\/v2\/pages\/20","targetHints":{"allow":["GET"]}}],"collection":[{"href":"https:\/\/fge.usthb.dz\/dept_telecom\/index.php\/wp-json\/wp\/v2\/pages"}],"about":[{"href":"https:\/\/fge.usthb.dz\/dept_telecom\/index.php\/wp-json\/wp\/v2\/types\/page"}],"author":[{"embeddable":true,"href":"https:\/\/fge.usthb.dz\/dept_telecom\/index.php\/wp-json\/wp\/v2\/users\/1"}],"replies":[{"embeddable":true,"href":"https:\/\/fge.usthb.dz\/dept_telecom\/index.php\/wp-json\/wp\/v2\/comments?post=20"}],"version-history":[{"count":44,"href":"https:\/\/fge.usthb.dz\/dept_telecom\/index.php\/wp-json\/wp\/v2\/pages\/20\/revisions"}],"predecessor-version":[{"id":1021,"href":"https:\/\/fge.usthb.dz\/dept_telecom\/index.php\/wp-json\/wp\/v2\/pages\/20\/revisions\/1021"}],"wp:attachment":[{"href":"https:\/\/fge.usthb.dz\/dept_telecom\/index.php\/wp-json\/wp\/v2\/media?parent=20"}],"curies":[{"name":"wp","href":"https:\/\/api.w.org\/{rel}","templated":true}]}}