{"id":19,"date":"2022-03-16T12:53:59","date_gmt":"2022-03-16T12:53:59","guid":{"rendered":"http:\/\/10.1.1.192\/dept_telecom\/?page_id=19"},"modified":"2022-05-31T09:01:47","modified_gmt":"2022-05-31T09:01:47","slug":"contacts","status":"publish","type":"page","link":"https:\/\/fge.usthb.dz\/dept_telecom\/index.php\/contacts\/","title":{"rendered":"Contacts"},"content":{"rendered":"\n<p>ADRESSE DU D\u00c9PARTEMENT:<br>D\u00e9partement T\u00e9lecommunication<br>Universit\u00e9 des Sciences et de la Technologie Houari Boumediene,<br>BP 32 EL ALIA 16111 BAB EZZOUAR ALGER.<br><strong>Emails:&nbsp;<\/strong><a rel=\"noreferrer noopener\" href=\"mailto:dpttelecom.fei.usthb@gmail.com\" target=\"_blank\">dpttelecom.fei.usthb@gmail.com<\/a>&nbsp;<\/p>\n\n\n\n<p>RESPONSABLES DU D\u00c9PARTEMENT :<\/p>\n\n\n\n<p><br>Chef de D\u00e9partement T\u00e9l\u00e9communication : Mme KOURGLI Assia<br>E-mail : <a href=\"assiakourgli@gmail.com\">assiakourgli@gmail.com<\/a><\/p>\n\n\n\n<p>Adjoint du Chef de D\u00e9partement charg\u00e9 de la p\u00e9dagogie : Mme BOUCHEMAKH Lynda<br>E-mail: <a href=\"bouchemakh@gmail.com\">bouchemakh@gmail.com<\/a><\/p>\n\n\n\n<p>Adjoint du Chef de D\u00e9partement charg\u00e9 de la Post-Graduation : Mme BOULIFA Mina<br>E-mail: <a href=\"mina.boulifa@gmail.com\">mina.boulifa@gmail.com<\/a><\/p>\n\n\n\n<p>Responsable de la fili\u00e8re T\u00e9l\u00e9communication : Mr METREF Adel<br>E-mail : <a href=\"adel_metref@hotmail.fr\">adel_metref@hotmail.fr<\/a><\/p>\n\n\n\n<p>Responsable de la sp\u00e9cialit\u00e9 T\u00e9l\u00e9communication : Mme SAADI AHMED Nafissa<br>E-mail : <a href=\"n.sadiahmed@gmail.com\">n.sadiahmed@gmail.com<\/a><\/p>\n\n\n\n<p>Responsable de Master R\u00e9seau Radio Mobile : Mr MEKAOUI Slimane<br>E-mail: <a href=\"smekaoui@yahoo.fr\">smekaoui@yahoo.fr<\/a><\/p>\n\n\n\n<p>Responsable de Master R\u00e9seaux et T\u00e9l\u00e9communications : Mme NEMMOUR Hassiba<br>E-mail: <a href=\"nemmour.hassiba@gmail.com\">nemmour.hassiba@gmail.com<\/a><\/p>\n\n\n\n<p>Responsable de Master Syst\u00e8mes de T\u00e9l\u00e9communications : Mme RAAF Ouarda<br>E-mail: <a href=\"rf_ouarda@yahoo.fr\">rf_ouarda@yahoo.fr<\/a><\/p>\n","protected":false},"excerpt":{"rendered":"<p>ADRESSE DU D\u00c9PARTEMENT:D\u00e9partement T\u00e9lecommunicationUniversit\u00e9 des Sciences et de la Technologie Houari Boumediene,BP 32 EL ALIA <span class=\"readmore\"><a href=\"https:\/\/fge.usthb.dz\/dept_telecom\/index.php\/contacts\/\">Suite<\/a><\/span><\/p>\n","protected":false},"author":1,"featured_media":0,"parent":0,"menu_order":0,"comment_status":"closed","ping_status":"closed","template":"","meta":{"footnotes":""},"class_list":["post-19","page","type-page","status-publish","hentry"],"_links":{"self":[{"href":"https:\/\/fge.usthb.dz\/dept_telecom\/index.php\/wp-json\/wp\/v2\/pages\/19","targetHints":{"allow":["GET"]}}],"collection":[{"href":"https:\/\/fge.usthb.dz\/dept_telecom\/index.php\/wp-json\/wp\/v2\/pages"}],"about":[{"href":"https:\/\/fge.usthb.dz\/dept_telecom\/index.php\/wp-json\/wp\/v2\/types\/page"}],"author":[{"embeddable":true,"href":"https:\/\/fge.usthb.dz\/dept_telecom\/index.php\/wp-json\/wp\/v2\/users\/1"}],"replies":[{"embeddable":true,"href":"https:\/\/fge.usthb.dz\/dept_telecom\/index.php\/wp-json\/wp\/v2\/comments?post=19"}],"version-history":[{"count":14,"href":"https:\/\/fge.usthb.dz\/dept_telecom\/index.php\/wp-json\/wp\/v2\/pages\/19\/revisions"}],"predecessor-version":[{"id":253,"href":"https:\/\/fge.usthb.dz\/dept_telecom\/index.php\/wp-json\/wp\/v2\/pages\/19\/revisions\/253"}],"wp:attachment":[{"href":"https:\/\/fge.usthb.dz\/dept_telecom\/index.php\/wp-json\/wp\/v2\/media?parent=19"}],"curies":[{"name":"wp","href":"https:\/\/api.w.org\/{rel}","templated":true}]}}