{"id":15,"date":"2022-03-16T12:53:59","date_gmt":"2022-03-16T12:53:59","guid":{"rendered":"http:\/\/10.1.1.192\/dept_telecom\/?page_id=15"},"modified":"2025-07-13T12:38:45","modified_gmt":"2025-07-13T12:38:45","slug":"scolarite","status":"publish","type":"page","link":"https:\/\/fge.usthb.dz\/dept_telecom\/index.php\/scolarite\/","title":{"rendered":"Scolarit\u00e9"},"content":{"rendered":"\n<p><a href=\"https:\/\/fge.usthb.dz\/dept_telecom\/index.php\/documents-administratifs\/\">Notes aux \u00e9tudiants<\/a><\/p>\n\n\n\n<p><a href=\"https:\/\/fge.usthb.dz\/dept_telecom\/index.php\/emploi-du-temps\/\">Emplois du temps<\/a><\/p>\n\n\n\n<p><a href=\"https:\/\/fge.usthb.dz\/dept_telecom\/index.php\/examen\/\">Examens<\/a><\/p>\n\n\n\n<p><a href=\"https:\/\/fge.usthb.dz\/dept_telecom\/index.php\/deliberation\/\">D\u00e9lib\u00e9rations<\/a><\/p>\n","protected":false},"excerpt":{"rendered":"<p>Notes aux \u00e9tudiants Emplois du temps Examens D\u00e9lib\u00e9rations<\/p>\n","protected":false},"author":1,"featured_media":0,"parent":0,"menu_order":0,"comment_status":"closed","ping_status":"closed","template":"","meta":{"footnotes":""},"class_list":["post-15","page","type-page","status-publish","hentry"],"_links":{"self":[{"href":"https:\/\/fge.usthb.dz\/dept_telecom\/index.php\/wp-json\/wp\/v2\/pages\/15","targetHints":{"allow":["GET"]}}],"collection":[{"href":"https:\/\/fge.usthb.dz\/dept_telecom\/index.php\/wp-json\/wp\/v2\/pages"}],"about":[{"href":"https:\/\/fge.usthb.dz\/dept_telecom\/index.php\/wp-json\/wp\/v2\/types\/page"}],"author":[{"embeddable":true,"href":"https:\/\/fge.usthb.dz\/dept_telecom\/index.php\/wp-json\/wp\/v2\/users\/1"}],"replies":[{"embeddable":true,"href":"https:\/\/fge.usthb.dz\/dept_telecom\/index.php\/wp-json\/wp\/v2\/comments?post=15"}],"version-history":[{"count":9,"href":"https:\/\/fge.usthb.dz\/dept_telecom\/index.php\/wp-json\/wp\/v2\/pages\/15\/revisions"}],"predecessor-version":[{"id":1022,"href":"https:\/\/fge.usthb.dz\/dept_telecom\/index.php\/wp-json\/wp\/v2\/pages\/15\/revisions\/1022"}],"wp:attachment":[{"href":"https:\/\/fge.usthb.dz\/dept_telecom\/index.php\/wp-json\/wp\/v2\/media?parent=15"}],"curies":[{"name":"wp","href":"https:\/\/api.w.org\/{rel}","templated":true}]}}