{"id":1059,"date":"2026-02-08T09:03:54","date_gmt":"2026-02-08T09:03:54","guid":{"rendered":"https:\/\/fge.usthb.dz\/dept_telecom\/?page_id=1059"},"modified":"2026-02-08T09:07:36","modified_gmt":"2026-02-08T09:07:36","slug":"emplois-du-temps","status":"publish","type":"page","link":"https:\/\/fge.usthb.dz\/dept_telecom\/index.php\/emplois-du-temps\/","title":{"rendered":"Emplois du temps"},"content":{"rendered":"\n<p><a href=\"https:\/\/docs.google.com\/document\/d\/1qxL_xw6EnU-7x_wkHRQOV0Cm0sHmfUE5\/edit?usp=drive_link&amp;ouid=112509407296254993597&amp;rtpof=true&amp;sd=true\">Emplois du temps de d\u00e9partement de T\u00e9l\u00e9communication 2025-2026 S2<\/a><\/p>\n","protected":false},"excerpt":{"rendered":"<p>Emplois du temps de d\u00e9partement de T\u00e9l\u00e9communication 2025-2026 S2<\/p>\n","protected":false},"author":2,"featured_media":358,"parent":0,"menu_order":0,"comment_status":"closed","ping_status":"closed","template":"","meta":{"footnotes":""},"class_list":["post-1059","page","type-page","status-publish","has-post-thumbnail","hentry"],"_links":{"self":[{"href":"https:\/\/fge.usthb.dz\/dept_telecom\/index.php\/wp-json\/wp\/v2\/pages\/1059","targetHints":{"allow":["GET"]}}],"collection":[{"href":"https:\/\/fge.usthb.dz\/dept_telecom\/index.php\/wp-json\/wp\/v2\/pages"}],"about":[{"href":"https:\/\/fge.usthb.dz\/dept_telecom\/index.php\/wp-json\/wp\/v2\/types\/page"}],"author":[{"embeddable":true,"href":"https:\/\/fge.usthb.dz\/dept_telecom\/index.php\/wp-json\/wp\/v2\/users\/2"}],"replies":[{"embeddable":true,"href":"https:\/\/fge.usthb.dz\/dept_telecom\/index.php\/wp-json\/wp\/v2\/comments?post=1059"}],"version-history":[{"count":1,"href":"https:\/\/fge.usthb.dz\/dept_telecom\/index.php\/wp-json\/wp\/v2\/pages\/1059\/revisions"}],"predecessor-version":[{"id":1060,"href":"https:\/\/fge.usthb.dz\/dept_telecom\/index.php\/wp-json\/wp\/v2\/pages\/1059\/revisions\/1060"}],"wp:featuredmedia":[{"embeddable":true,"href":"https:\/\/fge.usthb.dz\/dept_telecom\/index.php\/wp-json\/wp\/v2\/media\/358"}],"wp:attachment":[{"href":"https:\/\/fge.usthb.dz\/dept_telecom\/index.php\/wp-json\/wp\/v2\/media?parent=1059"}],"curies":[{"name":"wp","href":"https:\/\/api.w.org\/{rel}","templated":true}]}}