{"id":698,"date":"2025-04-28T08:14:19","date_gmt":"2025-04-28T08:14:19","guid":{"rendered":"https:\/\/fge.usthb.dz\/dept_electrotec\/?page_id=698"},"modified":"2026-04-23T10:52:52","modified_gmt":"2026-04-23T10:52:52","slug":"examen","status":"publish","type":"page","link":"https:\/\/fge.usthb.dz\/dept_electrotec\/index.php\/examen\/","title":{"rendered":"Examens"},"content":{"rendered":"\n<p><strong>Planning des examens S2 2025-202<\/strong>6<\/p>\n\n\n\n<p><a href=\"https:\/\/fge.usthb.dz\/wp-content\/uploads\/2026\/04\/Planning-des-Examens-S2-Groupe-de-filiere_A.pdf\">Planning des Examens du 2\u00e9me Ann\u00e9e ING Groupe de fili\u00e9re A sec A-B<\/a><\/p>\n\n\n\n<p><a href=\"https:\/\/fge.usthb.dz\/wp-content\/uploads\/2026\/04\/Planning-des-Examens-S2-Depart-ELT_2025-2026-L2.pdf\">Planning des Examens du 2\u00e8me Ann\u00e9e Licence ELT<\/a><\/p>\n\n\n\n<p><a href=\"https:\/\/fge.usthb.dz\/wp-content\/uploads\/2026\/04\/Planning-des-Examens-S2-Depart-ELT_2025-2026-L3-A-B.pdf\">Planning des Examens du 3\u00e8me Ann\u00e9e Licence ELT section A-B<\/a><\/p>\n\n\n\n<p><a href=\"https:\/\/fge.usthb.dz\/wp-content\/uploads\/2026\/04\/Planning-des-Examens-S2-Depart-ELT_2025-2026-M1-EI-RE-GSIT.pdf\">Planning des Examens du Master 1 EI \u2013 RE \u2013 GSIT<\/a><\/p>\n\n\n\n<p><a href=\"https:\/\/fge.usthb.dz\/wp-content\/uploads\/2026\/04\/Planning-des-Examens-S2-Depart-ELT_2025-2026-ING.pdf\">Planning des Examens 3eme 4eme Ann\u00e9e Ing\u00e9nieurs SEI<\/a><br><br><br><br><br><br><br><a href=\"https:\/\/fge.usthb.dz\/wp-admin\/post.php?post=106&amp;action=edit\"><\/a><\/p>\n\n\n\n<p><\/p>\n\n\n\n<p><\/p>\n","protected":false},"excerpt":{"rendered":"<p>Planning des examens S2 2025-2026 Planning des Examens du 2\u00e9me Ann\u00e9e ING Groupe de fili\u00e9re <span class=\"readmore\"><a href=\"https:\/\/fge.usthb.dz\/dept_electrotec\/index.php\/examen\/\">Suite<\/a><\/span><\/p>\n","protected":false},"author":2,"featured_media":259,"parent":0,"menu_order":0,"comment_status":"closed","ping_status":"closed","template":"","meta":{"footnotes":""},"class_list":["post-698","page","type-page","status-publish","has-post-thumbnail","hentry"],"_links":{"self":[{"href":"https:\/\/fge.usthb.dz\/dept_electrotec\/index.php\/wp-json\/wp\/v2\/pages\/698","targetHints":{"allow":["GET"]}}],"collection":[{"href":"https:\/\/fge.usthb.dz\/dept_electrotec\/index.php\/wp-json\/wp\/v2\/pages"}],"about":[{"href":"https:\/\/fge.usthb.dz\/dept_electrotec\/index.php\/wp-json\/wp\/v2\/types\/page"}],"author":[{"embeddable":true,"href":"https:\/\/fge.usthb.dz\/dept_electrotec\/index.php\/wp-json\/wp\/v2\/users\/2"}],"replies":[{"embeddable":true,"href":"https:\/\/fge.usthb.dz\/dept_electrotec\/index.php\/wp-json\/wp\/v2\/comments?post=698"}],"version-history":[{"count":42,"href":"https:\/\/fge.usthb.dz\/dept_electrotec\/index.php\/wp-json\/wp\/v2\/pages\/698\/revisions"}],"predecessor-version":[{"id":1015,"href":"https:\/\/fge.usthb.dz\/dept_electrotec\/index.php\/wp-json\/wp\/v2\/pages\/698\/revisions\/1015"}],"wp:featuredmedia":[{"embeddable":true,"href":"https:\/\/fge.usthb.dz\/dept_electrotec\/index.php\/wp-json\/wp\/v2\/media\/259"}],"wp:attachment":[{"href":"https:\/\/fge.usthb.dz\/dept_electrotec\/index.php\/wp-json\/wp\/v2\/media?parent=698"}],"curies":[{"name":"wp","href":"https:\/\/api.w.org\/{rel}","templated":true}]}}