{"id":21,"date":"2022-03-24T08:22:36","date_gmt":"2022-03-24T08:22:36","guid":{"rendered":"http:\/\/10.1.1.192\/dept_electrotec\/?page_id=21"},"modified":"2025-07-13T12:35:07","modified_gmt":"2025-07-13T12:35:07","slug":"scolarite","status":"publish","type":"page","link":"https:\/\/fge.usthb.dz\/dept_electrotec\/index.php\/scolarite\/","title":{"rendered":"Scolarit\u00e9"},"content":{"rendered":"\n<p><a href=\"https:\/\/fge.usthb.dz\/dept_electrotec\/index.php\/documents-administratifs\/\">Notes aux \u00e9tudiants<\/a><\/p>\n\n\n\n<p><a href=\"https:\/\/fge.usthb.dz\/dept_electrotec\/index.php\/emploi-du-temps\/\">Emploi du temps<\/a><\/p>\n\n\n\n<p><a href=\"https:\/\/fge.usthb.dz\/dept_electrotec\/index.php\/examen\/\">Examen<\/a><\/p>\n\n\n\n<p><a href=\"https:\/\/fge.usthb.dz\/dept_electrotec\/index.php\/deliberation\/\">D\u00e9lib\u00e9ration<\/a><\/p>\n","protected":false},"excerpt":{"rendered":"<p>Notes aux \u00e9tudiants Emploi du temps Examen D\u00e9lib\u00e9ration<\/p>\n","protected":false},"author":2,"featured_media":0,"parent":0,"menu_order":0,"comment_status":"closed","ping_status":"closed","template":"","meta":{"footnotes":""},"class_list":["post-21","page","type-page","status-publish","hentry"],"_links":{"self":[{"href":"https:\/\/fge.usthb.dz\/dept_electrotec\/index.php\/wp-json\/wp\/v2\/pages\/21","targetHints":{"allow":["GET"]}}],"collection":[{"href":"https:\/\/fge.usthb.dz\/dept_electrotec\/index.php\/wp-json\/wp\/v2\/pages"}],"about":[{"href":"https:\/\/fge.usthb.dz\/dept_electrotec\/index.php\/wp-json\/wp\/v2\/types\/page"}],"author":[{"embeddable":true,"href":"https:\/\/fge.usthb.dz\/dept_electrotec\/index.php\/wp-json\/wp\/v2\/users\/2"}],"replies":[{"embeddable":true,"href":"https:\/\/fge.usthb.dz\/dept_electrotec\/index.php\/wp-json\/wp\/v2\/comments?post=21"}],"version-history":[{"count":9,"href":"https:\/\/fge.usthb.dz\/dept_electrotec\/index.php\/wp-json\/wp\/v2\/pages\/21\/revisions"}],"predecessor-version":[{"id":902,"href":"https:\/\/fge.usthb.dz\/dept_electrotec\/index.php\/wp-json\/wp\/v2\/pages\/21\/revisions\/902"}],"wp:attachment":[{"href":"https:\/\/fge.usthb.dz\/dept_electrotec\/index.php\/wp-json\/wp\/v2\/media?parent=21"}],"curies":[{"name":"wp","href":"https:\/\/api.w.org\/{rel}","templated":true}]}}