{"id":19,"date":"2022-03-24T08:22:36","date_gmt":"2022-03-24T08:22:36","guid":{"rendered":"http:\/\/10.1.1.192\/dept_electrotec\/?page_id=19"},"modified":"2022-11-27T08:48:29","modified_gmt":"2022-11-27T08:48:29","slug":"master","status":"publish","type":"page","link":"https:\/\/fge.usthb.dz\/dept_electrotec\/index.php\/master\/","title":{"rendered":"Master"},"content":{"rendered":"\n<p>LE D\u00c9PARTEMENT ASSURE DEUX OFFRES DE FORMATION EN MASTER <\/p>\n\n\n\n<p>La formation est \u00e9tal\u00e9e sur 04 semestres, le dernier semestre est consacr\u00e9 \u00e0 un projet.<\/p>\n\n\n\n<ul class=\"wp-block-list\"><li><a href=\"https:\/\/fge.usthb.dz\/wp-content\/uploads\/2022\/11\/Master-Electrotechnique-Industrielle.pdf\">Master Electrotechnique Industrielle EI<\/a><\/li><li><a href=\"https:\/\/fge.usthb.dz\/wp-content\/uploads\/2022\/11\/Master-Energies-renouvelables-electrotechnique.pdf\">Master Energies Renouvelables \u00c9lectrotechnique ERE<\/a><\/li><li><a href=\"https:\/\/fge.usthb.dz\/wp-content\/uploads\/2022\/11\/Master-Machines-electriques-ME.pdf\">Master Machines \u00e9lectriques ME<\/a><\/li><li><a href=\"https:\/\/fge.usthb.dz\/wp-content\/uploads\/2022\/11\/Master-PRO_GSIT_USTHB_Genie-des-Systemes-Industriel-et-Tertiaire-Final-2021-2-1.pdf\">Master Genie des Syst\u00e8mes Industriel et Tertiaire (PRO) GSIT<\/a><\/li><li><a href=\"https:\/\/fge.usthb.dz\/wp-content\/uploads\/2022\/11\/Master-Reseaux-electriques.pdf\">Master R\u00e9seaux \u00c9lectriques RE<\/a><\/li><\/ul>\n\n\n\n<p class=\"has-text-color\" style=\"color:#8a3434\"><\/p>\n\n\n\n<p id=\"block-9950732c-0862-4a12-9e4b-d52fd3c13649\"><\/p>\n\n\n\n<p class=\"has-text-color\" style=\"color:#8a3434\"><\/p>\n\n\n\n<p id=\"block-c763d5c5-6eeb-44f6-891e-854bb09134dd\"><\/p>\n\n\n\n<p id=\"block-d80a8968-a169-4863-9523-1fd53205b391\"><\/p>\n\n\n\n<p id=\"block-b5bf4a5c-6cc7-4353-b1ed-b73111922dbf\"><\/p>\n\n\n\n<p id=\"block-62c97827-087d-424a-ac10-81ffd7026856\"><\/p>\n\n\n\n<p><\/p>\n\n\n\n<p><\/p>\n\n\n\n<p><\/p>\n","protected":false},"excerpt":{"rendered":"<p>LE D\u00c9PARTEMENT ASSURE DEUX OFFRES DE FORMATION EN MASTER La formation est \u00e9tal\u00e9e sur 04 <span class=\"readmore\"><a href=\"https:\/\/fge.usthb.dz\/dept_electrotec\/index.php\/master\/\">Suite<\/a><\/span><\/p>\n","protected":false},"author":2,"featured_media":0,"parent":0,"menu_order":0,"comment_status":"closed","ping_status":"closed","template":"","meta":{"footnotes":""},"class_list":["post-19","page","type-page","status-publish","hentry"],"_links":{"self":[{"href":"https:\/\/fge.usthb.dz\/dept_electrotec\/index.php\/wp-json\/wp\/v2\/pages\/19","targetHints":{"allow":["GET"]}}],"collection":[{"href":"https:\/\/fge.usthb.dz\/dept_electrotec\/index.php\/wp-json\/wp\/v2\/pages"}],"about":[{"href":"https:\/\/fge.usthb.dz\/dept_electrotec\/index.php\/wp-json\/wp\/v2\/types\/page"}],"author":[{"embeddable":true,"href":"https:\/\/fge.usthb.dz\/dept_electrotec\/index.php\/wp-json\/wp\/v2\/users\/2"}],"replies":[{"embeddable":true,"href":"https:\/\/fge.usthb.dz\/dept_electrotec\/index.php\/wp-json\/wp\/v2\/comments?post=19"}],"version-history":[{"count":7,"href":"https:\/\/fge.usthb.dz\/dept_electrotec\/index.php\/wp-json\/wp\/v2\/pages\/19\/revisions"}],"predecessor-version":[{"id":240,"href":"https:\/\/fge.usthb.dz\/dept_electrotec\/index.php\/wp-json\/wp\/v2\/pages\/19\/revisions\/240"}],"wp:attachment":[{"href":"https:\/\/fge.usthb.dz\/dept_electrotec\/index.php\/wp-json\/wp\/v2\/media?parent=19"}],"curies":[{"name":"wp","href":"https:\/\/api.w.org\/{rel}","templated":true}]}}