{"id":18,"date":"2022-03-24T08:22:36","date_gmt":"2022-03-24T08:22:36","guid":{"rendered":"http:\/\/10.1.1.192\/dept_electrotec\/?page_id=18"},"modified":"2022-11-27T08:46:46","modified_gmt":"2022-11-27T08:46:46","slug":"licence","status":"publish","type":"page","link":"https:\/\/fge.usthb.dz\/dept_electrotec\/index.php\/licence\/","title":{"rendered":"Licence"},"content":{"rendered":"\n<p>Le D\u00e9partement \u00c9lectrotechnique assure la formation Licence. La formation est d\u2019une dur\u00e9e de 2 ann\u00e9es apr\u00e8s la 1\u00e8re ann\u00e9e ST.<\/p>\n\n\n\n<p><a href=\"https:\/\/fge.usthb.dz\/wp-content\/uploads\/2022\/11\/A4-Licence-Electrotechnique.pdf\">Licence \u00c9lectrotechnique<\/a><\/p>\n\n\n\n<p><\/p>\n\n\n\n<p><\/p>\n\n\n\n<p><\/p>\n","protected":false},"excerpt":{"rendered":"<p>Le D\u00e9partement \u00c9lectrotechnique assure la formation Licence. La formation est d\u2019une dur\u00e9e de 2 ann\u00e9es <span class=\"readmore\"><a href=\"https:\/\/fge.usthb.dz\/dept_electrotec\/index.php\/licence\/\">Suite<\/a><\/span><\/p>\n","protected":false},"author":2,"featured_media":0,"parent":0,"menu_order":0,"comment_status":"closed","ping_status":"closed","template":"","meta":{"footnotes":""},"class_list":["post-18","page","type-page","status-publish","hentry"],"_links":{"self":[{"href":"https:\/\/fge.usthb.dz\/dept_electrotec\/index.php\/wp-json\/wp\/v2\/pages\/18","targetHints":{"allow":["GET"]}}],"collection":[{"href":"https:\/\/fge.usthb.dz\/dept_electrotec\/index.php\/wp-json\/wp\/v2\/pages"}],"about":[{"href":"https:\/\/fge.usthb.dz\/dept_electrotec\/index.php\/wp-json\/wp\/v2\/types\/page"}],"author":[{"embeddable":true,"href":"https:\/\/fge.usthb.dz\/dept_electrotec\/index.php\/wp-json\/wp\/v2\/users\/2"}],"replies":[{"embeddable":true,"href":"https:\/\/fge.usthb.dz\/dept_electrotec\/index.php\/wp-json\/wp\/v2\/comments?post=18"}],"version-history":[{"count":6,"href":"https:\/\/fge.usthb.dz\/dept_electrotec\/index.php\/wp-json\/wp\/v2\/pages\/18\/revisions"}],"predecessor-version":[{"id":238,"href":"https:\/\/fge.usthb.dz\/dept_electrotec\/index.php\/wp-json\/wp\/v2\/pages\/18\/revisions\/238"}],"wp:attachment":[{"href":"https:\/\/fge.usthb.dz\/dept_electrotec\/index.php\/wp-json\/wp\/v2\/media?parent=18"}],"curies":[{"name":"wp","href":"https:\/\/api.w.org\/{rel}","templated":true}]}}