{"id":24,"date":"2022-03-20T10:22:55","date_gmt":"2022-03-20T10:22:55","guid":{"rendered":"http:\/\/10.1.1.192\/dept_electro\/?page_id=24"},"modified":"2022-11-24T10:30:51","modified_gmt":"2022-11-24T10:30:51","slug":"licences-2-3","status":"publish","type":"page","link":"https:\/\/fge.usthb.dz\/dept_electro\/index.php\/licences-2-3\/","title":{"rendered":"Licence"},"content":{"rendered":"\n<p>Le D\u00e9partement \u00c9lectronique assure la formation Licence. La formation est d\u2019une dur\u00e9e de 2 ann\u00e9es apr\u00e8s la 1\u00e8re ann\u00e9e ST.<\/p>\n\n\n\n<p><a href=\"https:\/\/fge.usthb.dz\/wp-content\/uploads\/2022\/11\/A3-Licence-Electronique.pdf\">Licence \u00c9lectronique<\/a><\/p>\n\n\n\n<p><\/p>\n\n\n\n<p><\/p>\n\n\n\n<p><\/p>\n","protected":false},"excerpt":{"rendered":"<p>Le D\u00e9partement \u00c9lectronique assure la formation Licence. La formation est d\u2019une dur\u00e9e de 2 ann\u00e9es <span class=\"readmore\"><a href=\"https:\/\/fge.usthb.dz\/dept_electro\/index.php\/licences-2-3\/\">Suite<\/a><\/span><\/p>\n","protected":false},"author":2,"featured_media":96,"parent":0,"menu_order":0,"comment_status":"closed","ping_status":"closed","template":"","meta":{"footnotes":""},"class_list":["post-24","page","type-page","status-publish","has-post-thumbnail","hentry"],"_links":{"self":[{"href":"https:\/\/fge.usthb.dz\/dept_electro\/index.php\/wp-json\/wp\/v2\/pages\/24","targetHints":{"allow":["GET"]}}],"collection":[{"href":"https:\/\/fge.usthb.dz\/dept_electro\/index.php\/wp-json\/wp\/v2\/pages"}],"about":[{"href":"https:\/\/fge.usthb.dz\/dept_electro\/index.php\/wp-json\/wp\/v2\/types\/page"}],"author":[{"embeddable":true,"href":"https:\/\/fge.usthb.dz\/dept_electro\/index.php\/wp-json\/wp\/v2\/users\/2"}],"replies":[{"embeddable":true,"href":"https:\/\/fge.usthb.dz\/dept_electro\/index.php\/wp-json\/wp\/v2\/comments?post=24"}],"version-history":[{"count":9,"href":"https:\/\/fge.usthb.dz\/dept_electro\/index.php\/wp-json\/wp\/v2\/pages\/24\/revisions"}],"predecessor-version":[{"id":1156,"href":"https:\/\/fge.usthb.dz\/dept_electro\/index.php\/wp-json\/wp\/v2\/pages\/24\/revisions\/1156"}],"wp:featuredmedia":[{"embeddable":true,"href":"https:\/\/fge.usthb.dz\/dept_electro\/index.php\/wp-json\/wp\/v2\/media\/96"}],"wp:attachment":[{"href":"https:\/\/fge.usthb.dz\/dept_electro\/index.php\/wp-json\/wp\/v2\/media?parent=24"}],"curies":[{"name":"wp","href":"https:\/\/api.w.org\/{rel}","templated":true}]}}