{"id":22,"date":"2022-03-20T10:22:32","date_gmt":"2022-03-20T10:22:32","guid":{"rendered":"http:\/\/10.1.1.192\/dept_electro\/?page_id=22"},"modified":"2026-03-01T09:14:47","modified_gmt":"2026-03-01T09:14:47","slug":"deliberation","status":"publish","type":"page","link":"https:\/\/fge.usthb.dz\/dept_electro\/index.php\/deliberation\/","title":{"rendered":"D\u00e9lib\u00e9ration"},"content":{"rendered":"\n<p><strong>Licence<\/strong><\/p>\n\n\n\n<p><a href=\"https:\/\/drive.google.com\/drive\/folders\/1fO5o-vUyH1Yo6z6Bx5ctEQ38GwpvioFk\">PV de d\u00e9lib\u00e9ration \u00e9lectronique 2025-2026<\/a><br><\/p>\n\n\n\n<p><strong>Master<\/strong><\/p>\n\n\n\n<p><a href=\"https:\/\/drive.google.com\/drive\/folders\/141HQOeKLKntzqGzZMuP8NlCovoNqPjZJ\">PV de d\u00e9lib\u00e9ration \u00e9lectronique 2025-2026<\/a><\/p>\n\n\n\n<p><a href=\"https:\/\/drive.google.com\/drive\/folders\/1Z1UEaTl7dGW1TzpfvED0uDPqp91ji-fU\">PV de d\u00e9lib\u00e9ration M2 ELN apr\u00e8s rattrapage<\/a><\/p>\n\n\n\n<p><strong>Ing\u00e9niorat<\/strong><\/p>\n\n\n\n<p><a href=\"https:\/\/drive.google.com\/drive\/folders\/1NqetfIOsqUT0mGDZAyjscr7mSGeHAaec\">PV de d\u00e9lib\u00e9ration \u00e9lectronique 2025-2026<\/a><\/p>\n\n\n\n<p><\/p>\n","protected":false},"excerpt":{"rendered":"<p>Licence PV de d\u00e9lib\u00e9ration \u00e9lectronique 2025-2026 Master PV de d\u00e9lib\u00e9ration \u00e9lectronique 2025-2026 PV de d\u00e9lib\u00e9ration <span class=\"readmore\"><a href=\"https:\/\/fge.usthb.dz\/dept_electro\/index.php\/deliberation\/\">Suite<\/a><\/span><\/p>\n","protected":false},"author":2,"featured_media":463,"parent":0,"menu_order":0,"comment_status":"closed","ping_status":"closed","template":"","meta":{"footnotes":""},"class_list":["post-22","page","type-page","status-publish","has-post-thumbnail","hentry"],"_links":{"self":[{"href":"https:\/\/fge.usthb.dz\/dept_electro\/index.php\/wp-json\/wp\/v2\/pages\/22","targetHints":{"allow":["GET"]}}],"collection":[{"href":"https:\/\/fge.usthb.dz\/dept_electro\/index.php\/wp-json\/wp\/v2\/pages"}],"about":[{"href":"https:\/\/fge.usthb.dz\/dept_electro\/index.php\/wp-json\/wp\/v2\/types\/page"}],"author":[{"embeddable":true,"href":"https:\/\/fge.usthb.dz\/dept_electro\/index.php\/wp-json\/wp\/v2\/users\/2"}],"replies":[{"embeddable":true,"href":"https:\/\/fge.usthb.dz\/dept_electro\/index.php\/wp-json\/wp\/v2\/comments?post=22"}],"version-history":[{"count":12,"href":"https:\/\/fge.usthb.dz\/dept_electro\/index.php\/wp-json\/wp\/v2\/pages\/22\/revisions"}],"predecessor-version":[{"id":1259,"href":"https:\/\/fge.usthb.dz\/dept_electro\/index.php\/wp-json\/wp\/v2\/pages\/22\/revisions\/1259"}],"wp:featuredmedia":[{"embeddable":true,"href":"https:\/\/fge.usthb.dz\/dept_electro\/index.php\/wp-json\/wp\/v2\/media\/463"}],"wp:attachment":[{"href":"https:\/\/fge.usthb.dz\/dept_electro\/index.php\/wp-json\/wp\/v2\/media?parent=22"}],"curies":[{"name":"wp","href":"https:\/\/api.w.org\/{rel}","templated":true}]}}