{"id":18,"date":"2022-03-20T10:21:37","date_gmt":"2022-03-20T10:21:37","guid":{"rendered":"http:\/\/10.1.1.192\/dept_electro\/?page_id=18"},"modified":"2022-11-22T08:47:29","modified_gmt":"2022-11-22T08:47:29","slug":"contacts","status":"publish","type":"page","link":"https:\/\/fge.usthb.dz\/dept_electro\/index.php\/contacts\/","title":{"rendered":"Contacts"},"content":{"rendered":"\n<p>RESPONSABLES DU D\u00c9PARTEMENT :<\/p>\n\n\n\n<p><br>Chef de D\u00e9partement \u00c9lectronique  : Dr MAHFOUDI HICHEM<br>E-mail : <strong><a rel=\"noreferrer noopener\" href=\"mailto:hichem.mahfoudi@usthb.edu.dz\" target=\"_blank\">hichem.mahfoudi@usthb.edu.dz<\/a><\/strong> <\/p>\n\n\n\n<p>Adjoint du Chef de D\u00e9partement charg\u00e9 de la Post-Graduation : Dr AMRANI FAYCAL<br>E-mail: <a href=\"mailto:fay_amr@yahoo.fr\">fay_amr@yahoo.fr<\/a><\/p>\n\n\n\n<p>Responsable de la fili\u00e8re \u00c9lectronique : Dr BERBAR TARIK<br>E-mail : <a href=\"mailto:tarik.berbar@gmail.com\">tarik.berbar@gmail.com<\/a><\/p>\n\n\n\n<p>Responsable de la sp\u00e9cialit\u00e9 \u00c9lectronique : Mme LACHEB AICHA<br>E-mail : <a href=\"mailto:lachebaicha@gmail.com\">lachebaicha@gmail.com<\/a> <a href=\"mailto:lachebha@hotmail.com\">lachebha@hotmail.com<\/a><\/p>\n\n\n\n<p>Responsable de Master Instrumentation : <br>E-mail: <a href=\"mailto:malikakedir@gmail.com\">malikakedir@gmail.com<\/a><\/p>\n\n\n\n<p>Responsable de Master \u00c9lectronique des Syst\u00e8mes Embarqu\u00e9s : Dr CHEKIR AMIRA<br>E-mail: <a href=\"mailto:chekir.amira@gmail.com\">chekir.amira@gmail.com<\/a><\/p>\n\n\n\n<p><\/p>\n","protected":false},"excerpt":{"rendered":"<p>RESPONSABLES DU D\u00c9PARTEMENT : Chef de D\u00e9partement \u00c9lectronique : Dr MAHFOUDI HICHEME-mail : hichem.mahfoudi@usthb.edu.dz Adjoint <span class=\"readmore\"><a href=\"https:\/\/fge.usthb.dz\/dept_electro\/index.php\/contacts\/\">Suite<\/a><\/span><\/p>\n","protected":false},"author":2,"featured_media":0,"parent":0,"menu_order":0,"comment_status":"closed","ping_status":"closed","template":"","meta":{"footnotes":""},"class_list":["post-18","page","type-page","status-publish","hentry"],"_links":{"self":[{"href":"https:\/\/fge.usthb.dz\/dept_electro\/index.php\/wp-json\/wp\/v2\/pages\/18","targetHints":{"allow":["GET"]}}],"collection":[{"href":"https:\/\/fge.usthb.dz\/dept_electro\/index.php\/wp-json\/wp\/v2\/pages"}],"about":[{"href":"https:\/\/fge.usthb.dz\/dept_electro\/index.php\/wp-json\/wp\/v2\/types\/page"}],"author":[{"embeddable":true,"href":"https:\/\/fge.usthb.dz\/dept_electro\/index.php\/wp-json\/wp\/v2\/users\/2"}],"replies":[{"embeddable":true,"href":"https:\/\/fge.usthb.dz\/dept_electro\/index.php\/wp-json\/wp\/v2\/comments?post=18"}],"version-history":[{"count":8,"href":"https:\/\/fge.usthb.dz\/dept_electro\/index.php\/wp-json\/wp\/v2\/pages\/18\/revisions"}],"predecessor-version":[{"id":420,"href":"https:\/\/fge.usthb.dz\/dept_electro\/index.php\/wp-json\/wp\/v2\/pages\/18\/revisions\/420"}],"wp:attachment":[{"href":"https:\/\/fge.usthb.dz\/dept_electro\/index.php\/wp-json\/wp\/v2\/media?parent=18"}],"curies":[{"name":"wp","href":"https:\/\/api.w.org\/{rel}","templated":true}]}}