{"id":16,"date":"2022-03-20T10:21:11","date_gmt":"2022-03-20T10:21:11","guid":{"rendered":"http:\/\/10.1.1.192\/dept_electro\/?page_id=16"},"modified":"2026-02-09T08:55:03","modified_gmt":"2026-02-09T08:55:03","slug":"enseignants","status":"publish","type":"page","link":"https:\/\/fge.usthb.dz\/dept_electro\/index.php\/enseignants\/","title":{"rendered":"Enseignants"},"content":{"rendered":"\n<p class=\"has-small-font-size\"><strong><strong><a href=\"https:\/\/fge.usthb.dz\/wp-content\/uploads\/2026\/02\/Liste-des-enseignants-ELN-5.pdf\">Liste des enseignants \u00c9lectronique 2024-2025<\/a><\/strong><\/strong><\/p>\n\n\n\n<ul class=\"wp-block-list\">\n<li><strong><a href=\"https:\/\/fge.usthb.dz\/dept_electro\/index.php\/hh\/\">ADDOU DJAMEL<\/a><\/strong><\/li>\n\n\n\n<li><strong>ALLALI<\/strong> <strong>Abdenour<\/strong><\/li>\n\n\n\n<li><strong>AMMOUR Basma<\/strong><\/li>\n\n\n\n<li><strong>AMRANE<\/strong> <strong>Raouf<\/strong><\/li>\n\n\n\n<li><a href=\"https:\/\/fge.usthb.dz\/dept_electro\/index.php\/amrani-faycal\/\"><strong>AMRANI<\/strong> <strong>FAYCAL<\/strong><\/a><\/li>\n\n\n\n<li><a href=\"https:\/\/fge.usthb.dz\/dept_electro\/index.php\/aouissi-nee-hamza-saida\/\"><strong>AOUISSI n\u00e9e HAMZA<\/strong> <strong>Saida<\/strong><\/a><\/li>\n\n\n\n<li><strong><a href=\"https:\/\/fge.usthb.dz\/dept_electro\/index.php\/attari-mokhtar\/\">ATTARI Mokhtar<\/a><\/strong><\/li>\n\n\n\n<li><a href=\"https:\/\/fge.usthb.dz\/dept_electro\/index.php\/bazi-nee-cherbi-lynda\/\"><strong>BAZI n\u00e9e CHERBI<\/strong> <strong>Lynda<\/strong><\/a><\/li>\n\n\n\n<li><a href=\"https:\/\/fge.usthb.dz\/dept_electro\/index.php\/benaissa-mohamed-amine\/\"><strong>BELKADI<\/strong> <strong>Mohamed Amine<\/strong><\/a><\/li>\n\n\n\n<li><a href=\"https:\/\/fge.usthb.dz\/dept_electro\/index.php\/benaissa-mohamed-amine\/\"><strong>BENAISSA<\/strong> <strong>MOHAMED AMINE<\/strong><\/a><\/li>\n\n\n\n<li><a href=\"https:\/\/fge.usthb.dz\/dept_electro\/index.php\/benrekaa-nee-ait-hamouda-kahina\/\"><strong>BENREKAA n\u00e9e AIT HAMOUDA<\/strong> <strong>Kahina<\/strong><\/a><\/li>\n\n\n\n<li><a href=\"https:\/\/fge.usthb.dz\/dept_electro\/index.php\/benzeghda-sabah\/\"><strong>BENZEGHDA<\/strong> <strong>SABAH<\/strong><\/a><\/li>\n\n\n\n<li><a href=\"https:\/\/fge.usthb.dz\/dept_electro\/index.php\/berbar-tarik-bouziane\/\"><strong>BERBAR<\/strong> <strong>Tarik bouziane<\/strong><\/a><\/li>\n\n\n\n<li><a href=\"https:\/\/fge.usthb.dz\/dept_electro\/index.php\/bouchefra-khelifa\/\"><strong>BOUCHEFRA<\/strong> <strong>Khelifa<\/strong><\/a><\/li>\n\n\n\n<li><a href=\"https:\/\/fge.usthb.dz\/dept_electro\/index.php\/boudjit-kamel\/\"><strong>BOUDJIT<\/strong> <strong>Kamel<\/strong><\/a><\/li>\n\n\n\n<li><a href=\"https:\/\/fge.usthb.dz\/dept_electro\/index.php\/boufassa-dalila\/\"><strong>BOUFASSA<\/strong> <strong>Dalila<\/strong><\/a><\/li>\n\n\n\n<li><a href=\"https:\/\/fge.usthb.dz\/dept_electro\/index.php\/boughias-ouiza\/\"><strong>BOUGHIAS<\/strong> <strong>OUIZA<\/strong><\/a><\/li>\n\n\n\n<li><a href=\"https:\/\/fge.usthb.dz\/dept_electro\/index.php\/boukhenous-samir\/\"><strong>BOUKHENOUS<\/strong> <strong>Samir<\/strong><\/a><\/li>\n\n\n\n<li><strong>BOULMELH<\/strong> <strong>Salah<\/strong><\/li>\n\n\n\n<li><a href=\"https:\/\/fge.usthb.dz\/dept_electro\/index.php\/bourib-samira\/\"><strong>BOURIB<\/strong> <strong>Samira<\/strong><\/a><\/li>\n\n\n\n<li><a href=\"https:\/\/fge.usthb.dz\/dept_electro\/index.php\/bousbia-salah-nee-snoussi-assia\/\"><strong>BOUSBIA SALAH n\u00e9e SNOUSSI<\/strong> <strong>Assia<\/strong><\/a><\/li>\n\n\n\n<li><strong>BOUTANA Nassiha<\/strong><\/li>\n\n\n\n<li><a href=\"https:\/\/fge.usthb.dz\/dept_electro\/index.php\/bouzid-nee-meziane-nacera\/\"><strong>BOUZID n\u00e9e MEZIANE<\/strong> <strong>Nacera<\/strong><\/a><\/li>\n\n\n\n<li><a href=\"https:\/\/fge.usthb.dz\/dept_electro\/index.php\/chebihi-ahlem-manal\/\"><strong>CHEBIHI<\/strong> <strong>Ahlem Manal<\/strong><\/a><\/li>\n\n\n\n<li><a href=\"https:\/\/fge.usthb.dz\/dept_electro\/index.php\/chekir-amira\/\"><strong>CHEKIR<\/strong> <strong>Amira<\/strong><\/a><\/li>\n\n\n\n<li><a href=\"https:\/\/fge.usthb.dz\/dept_electro\/index.php\/drouiche-imane\/\"><strong>DROUICHE<\/strong> <strong>IMANE<\/strong><\/a><\/li>\n\n\n\n<li><a href=\"https:\/\/fge.usthb.dz\/dept_electro\/index.php\/fergani-belkacem\/\"><strong>FERGANI<\/strong> <strong>BELKACEM<\/strong><\/a><\/li>\n\n\n\n<li><a href=\"https:\/\/fge.usthb.dz\/dept_electro\/index.php\/ferroukhi-merzak\/\"><strong>FERROUKHI<\/strong> <strong>Merzak<\/strong><\/a><\/li>\n\n\n\n<li><a href=\"https:\/\/fge.usthb.dz\/dept_electro\/index.php\/gueraichi-mohamed\/\"><strong>GUERAICHI<\/strong> <strong>Mohamed<\/strong><\/a><\/li>\n\n\n\n<li><a href=\"https:\/\/fge.usthb.dz\/dept_electro\/index.php\/gueraichi-ratiba\/\"><strong>GUERAICHI<\/strong> <strong>Ratiba<\/strong><\/a><\/li>\n\n\n\n<li><a href=\"https:\/\/fge.usthb.dz\/dept_electro\/index.php\/guidoum-feriel\/\"><strong>GUIDOUM<\/strong> <strong>FERIEL<\/strong><\/a><\/li>\n\n\n\n<li><a href=\"https:\/\/fge.usthb.dz\/dept_electro\/index.php\/halheit-houda\/\"><strong>HALHEIT<\/strong> <strong>Houda<\/strong><\/a><\/li>\n\n\n\n<li><a href=\"https:\/\/fge.usthb.dz\/dept_electro\/index.php\/hamdi-farah\/\"><strong>HAMDI<\/strong> <strong>Farah<\/strong><\/a><\/li>\n\n\n\n<li><a href=\"https:\/\/fge.usthb.dz\/dept_electro\/index.php\/harrouni-samia\/\"><strong>HARROUNI<\/strong> <strong>Samia<\/strong><\/a><\/li>\n\n\n\n<li><strong>HEBIBI<\/strong> <strong>Amar<\/strong><\/li>\n\n\n\n<li><strong>INOURI<\/strong> <strong>Lynda<\/strong><\/li>\n\n\n\n<li><a href=\"https:\/\/fge.usthb.dz\/dept_electro\/index.php\/kharroubi-hakim\/\"><strong>KHARROUBI<\/strong> <strong>HAKIM<\/strong><\/a><\/li>\n\n\n\n<li><a href=\"https:\/\/fge.usthb.dz\/dept_electro\/index.php\/khelladi-hassina\/\"><strong>KHELLADI<\/strong> <strong>Hassina<\/strong><\/a><\/li>\n\n\n\n<li><strong>KHIDER<\/strong> <strong>Ali<\/strong><\/li>\n\n\n\n<li><a href=\"https:\/\/fge.usthb.dz\/dept_electro\/index.php\/khodja-abdelhamid\/\"><strong>KHODJA<\/strong> <strong>Abdelhamid<\/strong><\/a><\/li>\n\n\n\n<li><a href=\"https:\/\/fge.usthb.dz\/dept_electro\/index.php\/lacheb-nee-cheddadi-aicha\/\"><strong>LACHEB n\u00e9e CHEDDADI<\/strong> <strong>Aicha<\/strong><\/a><\/li>\n\n\n\n<li><strong>LAMHENE<\/strong> <strong>Youssef<\/strong><\/li>\n\n\n\n<li><a href=\"https:\/\/fge.usthb.dz\/dept_electro\/index.php\/lehouidj-tarik-bouziane\/\"><strong>LEHOUIDJ<\/strong> <strong>Tarik bouziane<\/strong><\/a><\/li>\n\n\n\n<li><a href=\"https:\/\/fge.usthb.dz\/dept_electro\/index.php\/mahfoudi-hichem\/\"><strong>MAHFOUDI<\/strong> <strong>Hichem<\/strong><\/a><\/li>\n\n\n\n<li><a href=\"https:\/\/fge.usthb.dz\/dept_electro\/index.php\/meftah-elhadi\/\"><strong>MEFTAH<\/strong> <strong>Elhadi<\/strong><\/a><\/li>\n\n\n\n<li><a href=\"https:\/\/fge.usthb.dz\/dept_electro\/index.php\/mellal-nee-mimouni-hanene\/\"><strong>MELLAL n\u00e9e MIMOUNI<\/strong> <strong>HANENE<\/strong><\/a><\/li>\n\n\n\n<li><a href=\"https:\/\/fge.usthb.dz\/dept_electro\/index.php\/messaif-iqbal\/\"><strong>MESSAIF<\/strong> <strong>Iqbal<\/strong><\/a><\/li>\n\n\n\n<li><a href=\"https:\/\/fge.usthb.dz\/dept_electro\/index.php\/nacer-azzeddine\/\"><strong>NACER<\/strong> <strong>Azzeddine<\/strong><\/a><\/li>\n\n\n\n<li><strong>NOUIBAT<\/strong> <strong>Taha Housseyn<\/strong><\/li>\n\n\n\n<li><a href=\"https:\/\/fge.usthb.dz\/dept_electro\/index.php\/ounas-mouloud\/\"><strong>OUNAS<\/strong> <strong>MOULOUD<\/strong><\/a><\/li>\n\n\n\n<li><a href=\"https:\/\/fge.usthb.dz\/dept_electro\/index.php\/remram-youcef\/\"><strong>REMRAM<\/strong> <strong>Youcef<\/strong><\/a><\/li>\n\n\n\n<li><a href=\"https:\/\/fge.usthb.dz\/dept_electro\/index.php\/saadi-hyem\/\"><strong>SAADI<\/strong> <strong>Hyem<\/strong><\/a><\/li>\n\n\n\n<li><a href=\"https:\/\/fge.usthb.dz\/dept_electro\/index.php\/talha-abdelaziz\/\"><strong>TALHA<\/strong> <strong>Abdelaziz<\/strong><\/a><\/li>\n\n\n\n<li><a href=\"https:\/\/fge.usthb.dz\/dept_electro\/index.php\/talha-nee-kedir-malika\/\"><strong>TALHA n\u00e9e KEDIR<\/strong> <strong>Malika<\/strong><\/a><\/li>\n\n\n\n<li><strong><a href=\"https:\/\/fge.usthb.dz\/dept_electro\/index.php\/tellache-mohamed\/\">TELLACHE Mohamed<\/a><\/strong><\/li>\n\n\n\n<li><strong>TIGHIDET n\u00e9e ZIZI<\/strong> <strong>Malika<\/strong><\/li>\n\n\n\n<li><a href=\"https:\/\/fge.usthb.dz\/dept_electro\/index.php\/tounsi-med-lamine\/\"><strong>TOUNSI<\/strong> <strong>Med lamine<\/strong><\/a><\/li>\n\n\n\n<li><a href=\"https:\/\/fge.usthb.dz\/dept_electro\/index.php\/yahi-amina\/\"><strong>YAHI<\/strong> <strong>Amina<\/strong><\/a><\/li>\n\n\n\n<li><a href=\"https:\/\/fge.usthb.dz\/dept_electro\/index.php\/zeghdar-kamal\/\"><strong>ZEGHDAR<\/strong> <strong>KAMAL<\/strong><\/a><\/li>\n<\/ul>\n\n\n\n<p class=\"has-text-color\" style=\"color:#8a3434\">HEURES SUPPL\u00c9MENTAIRES:<\/p>\n\n\n\n<p class=\"has-medium-black-color has-text-color\">Documents \u00e0 saisir avant l&#8217;impression<\/p>\n\n\n\n<p><a href=\"https:\/\/fge.usthb.dz\/wp-content\/uploads\/2022\/11\/Acte-dengagement-FGE-1.pdf\">Acte d\u2019Engagement<\/a><\/p>\n\n\n\n<p><a href=\"https:\/\/fge.usthb.dz\/wp-content\/uploads\/2022\/11\/Etata-mensuel-des-taches-accessoires-FGE-2-1.pdf\">Etat Mensuel des Taches Accessoires<\/a><\/p>\n\n\n\n<p><a href=\"https:\/\/fge.usthb.dz\/wp-content\/uploads\/2022\/11\/Notice-de-Renseignement-FGE-2.pdf\">Notice de Renseignement<\/a><\/p>\n\n\n\n<p><\/p>\n\n\n\n<p><\/p>\n\n\n\n<p><\/p>\n\n\n\n<p><\/p>\n\n\n\n<p><\/p>\n\n\n\n<p><\/p>\n\n\n\n<p><\/p>\n\n\n\n<p><\/p>\n\n\n\n<p><\/p>\n","protected":false},"excerpt":{"rendered":"<p>Liste des enseignants \u00c9lectronique 2024-2025 HEURES SUPPL\u00c9MENTAIRES: Documents \u00e0 saisir avant l&#8217;impression Acte d\u2019Engagement Etat <span class=\"readmore\"><a href=\"https:\/\/fge.usthb.dz\/dept_electro\/index.php\/enseignants\/\">Suite<\/a><\/span><\/p>\n","protected":false},"author":2,"featured_media":0,"parent":0,"menu_order":0,"comment_status":"closed","ping_status":"closed","template":"","meta":{"footnotes":""},"class_list":["post-16","page","type-page","status-publish","hentry"],"_links":{"self":[{"href":"https:\/\/fge.usthb.dz\/dept_electro\/index.php\/wp-json\/wp\/v2\/pages\/16","targetHints":{"allow":["GET"]}}],"collection":[{"href":"https:\/\/fge.usthb.dz\/dept_electro\/index.php\/wp-json\/wp\/v2\/pages"}],"about":[{"href":"https:\/\/fge.usthb.dz\/dept_electro\/index.php\/wp-json\/wp\/v2\/types\/page"}],"author":[{"embeddable":true,"href":"https:\/\/fge.usthb.dz\/dept_electro\/index.php\/wp-json\/wp\/v2\/users\/2"}],"replies":[{"embeddable":true,"href":"https:\/\/fge.usthb.dz\/dept_electro\/index.php\/wp-json\/wp\/v2\/comments?post=16"}],"version-history":[{"count":146,"href":"https:\/\/fge.usthb.dz\/dept_electro\/index.php\/wp-json\/wp\/v2\/pages\/16\/revisions"}],"predecessor-version":[{"id":1254,"href":"https:\/\/fge.usthb.dz\/dept_electro\/index.php\/wp-json\/wp\/v2\/pages\/16\/revisions\/1254"}],"wp:attachment":[{"href":"https:\/\/fge.usthb.dz\/dept_electro\/index.php\/wp-json\/wp\/v2\/media?parent=16"}],"curies":[{"name":"wp","href":"https:\/\/api.w.org\/{rel}","templated":true}]}}