{"id":1216,"date":"2025-09-28T13:43:40","date_gmt":"2025-09-28T13:43:40","guid":{"rendered":"https:\/\/fge.usthb.dz\/dept_electro\/?page_id=1216"},"modified":"2025-09-29T13:20:36","modified_gmt":"2025-09-29T13:20:36","slug":"liste-des-etudiants","status":"publish","type":"page","link":"https:\/\/fge.usthb.dz\/dept_electro\/index.php\/liste-des-etudiants\/","title":{"rendered":"Liste des \u00c9tudiants"},"content":{"rendered":"\n<h4 class=\"wp-block-heading\" id=\"block-e3377c9d-36f5-4f75-b9ab-7ad20966a31e\">Listes des \u00c9tudiants 2025-2026<\/h4>\n\n\n\n<p><a href=\"https:\/\/docs.google.com\/spreadsheets\/d\/1KCruiTyrIO-2Sqz81MqzWJ-pK0quNn6gUsygdNlGf8E\/edit?usp=drive_link\">Listes des \u00c9tudiants 3\u00e8me ann\u00e9e ING GEI<\/a><\/p>\n\n\n\n<p><a href=\"https:\/\/docs.google.com\/spreadsheets\/d\/1jRtz1GuWpH01jjDyUnY-PcATN_sZ7LnSsi5EGkRgZ6o\/edit?usp=drive_link\">Listes des \u00c9tudiants 4\u00e8me ann\u00e9e ING GEI<\/a><\/p>\n\n\n\n<p><a href=\"https:\/\/docs.google.com\/spreadsheets\/d\/1d1S-VXDJKd73srJDhrmFQHtK4xjqMbj2a-11lkfbPgA\/edit?usp=drive_link\">Listes des \u00c9tudiants L2 ELN <\/a><\/p>\n\n\n\n<p><a href=\"https:\/\/docs.google.com\/spreadsheets\/d\/1qF0A8J4f-6FE0SlsNhfUqFCQZaP-y2xBS_MCS139ckQ\/edit?usp=drive_link\">Listes des \u00c9tudiants L3 ELN A<\/a><\/p>\n\n\n\n<p><a href=\"https:\/\/docs.google.com\/spreadsheets\/d\/1l2VXgzEdjjtFynSjfMqbmC9yG4sIZGYMW0Y8KarneTs\/edit?usp=drive_link\">Listes des \u00c9tudiants L3 ELN B<\/a><\/p>\n\n\n\n<p><a href=\"https:\/\/docs.google.com\/spreadsheets\/d\/1z1Lsqb7ekzZAxvSVlGSv9bvgz41Ej6PWJDNvLrI_IpY\/edit?usp=drive_link\">Listes des \u00c9tudiants M1 ESE<\/a><\/p>\n\n\n\n<p><a href=\"https:\/\/docs.google.com\/spreadsheets\/d\/1hs8xNeq_u_tt04q7kHcfeydb4GXbi7F1RemKJIkzx4U\/edit?usp=drive_link\">Listes des \u00c9tudiants M1 INST<\/a><\/p>\n\n\n\n<p><a href=\"https:\/\/docs.google.com\/spreadsheets\/d\/1hkMkUOf1A7C1pCFZHQRZlQpSRVOIhOrGNckwIfj_Cd4\/edit?usp=drive_link\">Listes des \u00c9tudiants M2 ESE<\/a><\/p>\n\n\n\n<p><a href=\"https:\/\/docs.google.com\/spreadsheets\/d\/1eCfG84iplbqTLhAkKlNmvQ4lnlF0VSJwyRLz6_fub2M\/edit?usp=drive_link\">Listes des \u00c9tudiants M2 INST<\/a><\/p>\n\n\n\n<p><\/p>\n","protected":false},"excerpt":{"rendered":"<p>Listes des \u00c9tudiants 2025-2026 Listes des \u00c9tudiants 3\u00e8me ann\u00e9e ING GEI Listes des \u00c9tudiants 4\u00e8me <span class=\"readmore\"><a href=\"https:\/\/fge.usthb.dz\/dept_electro\/index.php\/liste-des-etudiants\/\">Suite<\/a><\/span><\/p>\n","protected":false},"author":2,"featured_media":0,"parent":0,"menu_order":0,"comment_status":"closed","ping_status":"closed","template":"","meta":{"footnotes":""},"class_list":["post-1216","page","type-page","status-publish","hentry"],"_links":{"self":[{"href":"https:\/\/fge.usthb.dz\/dept_electro\/index.php\/wp-json\/wp\/v2\/pages\/1216","targetHints":{"allow":["GET"]}}],"collection":[{"href":"https:\/\/fge.usthb.dz\/dept_electro\/index.php\/wp-json\/wp\/v2\/pages"}],"about":[{"href":"https:\/\/fge.usthb.dz\/dept_electro\/index.php\/wp-json\/wp\/v2\/types\/page"}],"author":[{"embeddable":true,"href":"https:\/\/fge.usthb.dz\/dept_electro\/index.php\/wp-json\/wp\/v2\/users\/2"}],"replies":[{"embeddable":true,"href":"https:\/\/fge.usthb.dz\/dept_electro\/index.php\/wp-json\/wp\/v2\/comments?post=1216"}],"version-history":[{"count":20,"href":"https:\/\/fge.usthb.dz\/dept_electro\/index.php\/wp-json\/wp\/v2\/pages\/1216\/revisions"}],"predecessor-version":[{"id":1240,"href":"https:\/\/fge.usthb.dz\/dept_electro\/index.php\/wp-json\/wp\/v2\/pages\/1216\/revisions\/1240"}],"wp:attachment":[{"href":"https:\/\/fge.usthb.dz\/dept_electro\/index.php\/wp-json\/wp\/v2\/media?parent=1216"}],"curies":[{"name":"wp","href":"https:\/\/api.w.org\/{rel}","templated":true}]}}