{"id":10,"date":"2022-03-20T10:19:20","date_gmt":"2022-03-20T10:19:20","guid":{"rendered":"http:\/\/10.1.1.192\/dept_electro\/?page_id=10"},"modified":"2023-01-30T10:19:35","modified_gmt":"2023-01-30T10:19:35","slug":"presentation","status":"publish","type":"page","link":"https:\/\/fge.usthb.dz\/dept_electro\/index.php\/presentation\/","title":{"rendered":"Pr\u00e9sentation"},"content":{"rendered":"\n<p> L&#8217;\u00e9lectronique est la manipulation de signaux et d&#8217;informations \u00e9lectriques afin de les mesurer, les contr\u00f4ler ou de les modifier. Des \u00e9l\u00e9ments d\u00e9sign\u00e9s \u00ab composants \u00bb<strong> <\/strong>sont<strong> <\/strong>assembl\u00e9s sous la forme de circuits.<\/p>\n\n\n\n<p>Les \u00e9quipements \u00e9lectroniques fonctionnent g\u00e9n\u00e9ralement sur des informations au format analogique ou num\u00e9rique.uipements \u00e9lectriques domestiques ou industriels .<\/p>\n\n\n\n<p>Cr\u00e9ation de D\u00e9partement d\u2019\u00c9lectronique (Arr\u00eat\u00e9 N\u00b057 du 26 janvier 2022) de la Facult\u00e9 de G\u00e9nie Electrique (D\u00e9cret ex\u00e9cutif n\u00b0 21-467 du 21 novembre 2021) .<\/p>\n\n\n\n<p><a href=\"https:\/\/fge.usthb.dz\/dept_electro\/wp-content\/uploads\/2022\/05\/\u0642\u0631\u0627\u0631-057-\u0625\u0646\u0634\u0627\u0621-\u0627\u0644\u0623\u0642\u0633\u0627\u0645-\u0643\u0644\u064a\u0629-\u0627\u0644\u0647\u0646\u062f\u0633\u0629-\u0627\u0644\u0643\u0647\u0631\u0628\u0627\u0626\u064a\u0629-\u062c\u0627\u0645\u0639\u0629-\u0647\u0648\u0627\u0631\u064a-\u0628\u0648\u0645\u062f\u064a\u0646.pdf\">La d\u00e9cision de cr\u00e9er un d\u00e9partement \u00c9lectronique<\/a><\/p>\n","protected":false},"excerpt":{"rendered":"<p>L&#8217;\u00e9lectronique est la manipulation de signaux et d&#8217;informations \u00e9lectriques afin de les mesurer, les contr\u00f4ler <span class=\"readmore\"><a href=\"https:\/\/fge.usthb.dz\/dept_electro\/index.php\/presentation\/\">Suite<\/a><\/span><\/p>\n","protected":false},"author":2,"featured_media":0,"parent":0,"menu_order":0,"comment_status":"closed","ping_status":"closed","template":"","meta":{"footnotes":""},"class_list":["post-10","page","type-page","status-publish","hentry"],"_links":{"self":[{"href":"https:\/\/fge.usthb.dz\/dept_electro\/index.php\/wp-json\/wp\/v2\/pages\/10","targetHints":{"allow":["GET"]}}],"collection":[{"href":"https:\/\/fge.usthb.dz\/dept_electro\/index.php\/wp-json\/wp\/v2\/pages"}],"about":[{"href":"https:\/\/fge.usthb.dz\/dept_electro\/index.php\/wp-json\/wp\/v2\/types\/page"}],"author":[{"embeddable":true,"href":"https:\/\/fge.usthb.dz\/dept_electro\/index.php\/wp-json\/wp\/v2\/users\/2"}],"replies":[{"embeddable":true,"href":"https:\/\/fge.usthb.dz\/dept_electro\/index.php\/wp-json\/wp\/v2\/comments?post=10"}],"version-history":[{"count":6,"href":"https:\/\/fge.usthb.dz\/dept_electro\/index.php\/wp-json\/wp\/v2\/pages\/10\/revisions"}],"predecessor-version":[{"id":448,"href":"https:\/\/fge.usthb.dz\/dept_electro\/index.php\/wp-json\/wp\/v2\/pages\/10\/revisions\/448"}],"wp:attachment":[{"href":"https:\/\/fge.usthb.dz\/dept_electro\/index.php\/wp-json\/wp\/v2\/media?parent=10"}],"curies":[{"name":"wp","href":"https:\/\/api.w.org\/{rel}","templated":true}]}}