{"id":23,"date":"2022-03-10T13:40:26","date_gmt":"2022-03-10T13:40:26","guid":{"rendered":"http:\/\/10.1.1.192\/dept_auto\/?page_id=23"},"modified":"2022-06-21T08:50:45","modified_gmt":"2022-06-21T08:50:45","slug":"laboratoires-de-recherches","status":"publish","type":"page","link":"https:\/\/fge.usthb.dz\/dept_auto\/index.php\/laboratoires-de-recherches\/","title":{"rendered":"Laboratoires de recherches"},"content":{"rendered":"\n<p><a href=\"http:\/\/l.r.p.e.usthb.dz\/\"><a href=\"http:\/\/lrpe.usthb.dz\/\">Laboratoire de Recherche en Robotique, Parall\u00e9lisme et syst\u00e8mes Embarqu\u00e9s(LRPE)<\/a><\/a><\/p>\n","protected":false},"excerpt":{"rendered":"<p>Laboratoire de Recherche en Robotique, Parall\u00e9lisme et syst\u00e8mes Embarqu\u00e9s(LRPE)<\/p>\n","protected":false},"author":1,"featured_media":0,"parent":0,"menu_order":0,"comment_status":"closed","ping_status":"closed","template":"","meta":{"footnotes":""},"class_list":["post-23","page","type-page","status-publish","hentry"],"_links":{"self":[{"href":"https:\/\/fge.usthb.dz\/dept_auto\/index.php\/wp-json\/wp\/v2\/pages\/23","targetHints":{"allow":["GET"]}}],"collection":[{"href":"https:\/\/fge.usthb.dz\/dept_auto\/index.php\/wp-json\/wp\/v2\/pages"}],"about":[{"href":"https:\/\/fge.usthb.dz\/dept_auto\/index.php\/wp-json\/wp\/v2\/types\/page"}],"author":[{"embeddable":true,"href":"https:\/\/fge.usthb.dz\/dept_auto\/index.php\/wp-json\/wp\/v2\/users\/1"}],"replies":[{"embeddable":true,"href":"https:\/\/fge.usthb.dz\/dept_auto\/index.php\/wp-json\/wp\/v2\/comments?post=23"}],"version-history":[{"count":4,"href":"https:\/\/fge.usthb.dz\/dept_auto\/index.php\/wp-json\/wp\/v2\/pages\/23\/revisions"}],"predecessor-version":[{"id":344,"href":"https:\/\/fge.usthb.dz\/dept_auto\/index.php\/wp-json\/wp\/v2\/pages\/23\/revisions\/344"}],"wp:attachment":[{"href":"https:\/\/fge.usthb.dz\/dept_auto\/index.php\/wp-json\/wp\/v2\/media?parent=23"}],"curies":[{"name":"wp","href":"https:\/\/api.w.org\/{rel}","templated":true}]}}