{"id":21,"date":"2022-03-10T13:40:26","date_gmt":"2022-03-10T13:40:26","guid":{"rendered":"http:\/\/10.1.1.192\/dept_auto\/?page_id=21"},"modified":"2026-03-01T09:18:38","modified_gmt":"2026-03-01T09:18:38","slug":"deliberation","status":"publish","type":"page","link":"https:\/\/fge.usthb.dz\/dept_auto\/index.php\/deliberation\/","title":{"rendered":"D\u00e9lib\u00e9ration"},"content":{"rendered":"\n<p><strong>Licence<\/strong><\/p>\n\n\n\n<p><a href=\"https:\/\/drive.google.com\/drive\/folders\/1MMwERGd89PTBRHGVVz9XgwJ6ISQTmJws\">PV de d\u00e9lib\u00e9ration automatique 2025-2026<\/a><\/p>\n\n\n\n<p><strong>Master<\/strong><\/p>\n\n\n\n<p><a href=\"https:\/\/drive.google.com\/drive\/folders\/1Nkr0Ta0GhnaqjvblxlJFmcc-hwlmv7ZK\">PV de d\u00e9lib\u00e9ration automatique 2025-2026<\/a><\/p>\n\n\n\n<p><a href=\"https:\/\/drive.google.com\/drive\/folders\/1BL1TWJahtUKwABy7Ebhi3OHadlIPO1Wi\">PV de d\u00e9lib\u00e9ration M2 AUTO apr\u00e8s rattrapage<\/a><\/p>\n\n\n\n<p><strong>Ing\u00e9niorat<\/strong><\/p>\n\n\n\n<p><a href=\"https:\/\/drive.google.com\/drive\/folders\/15StBO2tJIEt5h9LIOEQZhqpvfK7JAp36\">PV de d\u00e9lib\u00e9ration automatique 2025-2026<\/a><\/p>\n\n\n\n<p><a href=\"https:\/\/fge.usthb.dz\/index.php\/a-master-auto\/\"> <\/a><\/p>\n\n\n\n<p><\/p>\n","protected":false},"excerpt":{"rendered":"<p>Licence PV de d\u00e9lib\u00e9ration automatique 2025-2026 Master PV de d\u00e9lib\u00e9ration automatique 2025-2026 PV de d\u00e9lib\u00e9ration <span class=\"readmore\"><a href=\"https:\/\/fge.usthb.dz\/dept_auto\/index.php\/deliberation\/\">Suite<\/a><\/span><\/p>\n","protected":false},"author":1,"featured_media":432,"parent":0,"menu_order":0,"comment_status":"closed","ping_status":"closed","template":"","meta":{"footnotes":""},"class_list":["post-21","page","type-page","status-publish","has-post-thumbnail","hentry"],"_links":{"self":[{"href":"https:\/\/fge.usthb.dz\/dept_auto\/index.php\/wp-json\/wp\/v2\/pages\/21","targetHints":{"allow":["GET"]}}],"collection":[{"href":"https:\/\/fge.usthb.dz\/dept_auto\/index.php\/wp-json\/wp\/v2\/pages"}],"about":[{"href":"https:\/\/fge.usthb.dz\/dept_auto\/index.php\/wp-json\/wp\/v2\/types\/page"}],"author":[{"embeddable":true,"href":"https:\/\/fge.usthb.dz\/dept_auto\/index.php\/wp-json\/wp\/v2\/users\/1"}],"replies":[{"embeddable":true,"href":"https:\/\/fge.usthb.dz\/dept_auto\/index.php\/wp-json\/wp\/v2\/comments?post=21"}],"version-history":[{"count":13,"href":"https:\/\/fge.usthb.dz\/dept_auto\/index.php\/wp-json\/wp\/v2\/pages\/21\/revisions"}],"predecessor-version":[{"id":929,"href":"https:\/\/fge.usthb.dz\/dept_auto\/index.php\/wp-json\/wp\/v2\/pages\/21\/revisions\/929"}],"wp:featuredmedia":[{"embeddable":true,"href":"https:\/\/fge.usthb.dz\/dept_auto\/index.php\/wp-json\/wp\/v2\/media\/432"}],"wp:attachment":[{"href":"https:\/\/fge.usthb.dz\/dept_auto\/index.php\/wp-json\/wp\/v2\/media?parent=21"}],"curies":[{"name":"wp","href":"https:\/\/api.w.org\/{rel}","templated":true}]}}