{"id":17,"date":"2022-03-10T13:40:26","date_gmt":"2022-03-10T13:40:26","guid":{"rendered":"http:\/\/10.1.1.192\/dept_auto\/?page_id=17"},"modified":"2022-11-27T08:17:30","modified_gmt":"2022-11-27T08:17:30","slug":"licence","status":"publish","type":"page","link":"https:\/\/fge.usthb.dz\/dept_auto\/index.php\/licence\/","title":{"rendered":"Licence"},"content":{"rendered":"\n<p>Le D\u00e9partement Automatique assure la formation Licence. La formation est d\u2019une dur\u00e9e de 2 ann\u00e9es apr\u00e8s la 1\u00e8re ann\u00e9e ST.<\/p>\n\n\n\n<p><a href=\"https:\/\/fge.usthb.dz\/dept_auto\/wp-content\/uploads\/2022\/11\/A1-Licence-Automatique.pdf\">Licence Automatique<\/a><\/p>\n\n\n\n<p><\/p>\n\n\n\n<p><\/p>\n","protected":false},"excerpt":{"rendered":"<p>Le D\u00e9partement Automatique assure la formation Licence. La formation est d\u2019une dur\u00e9e de 2 ann\u00e9es <span class=\"readmore\"><a href=\"https:\/\/fge.usthb.dz\/dept_auto\/index.php\/licence\/\">Suite<\/a><\/span><\/p>\n","protected":false},"author":1,"featured_media":0,"parent":0,"menu_order":0,"comment_status":"closed","ping_status":"closed","template":"","meta":{"footnotes":""},"class_list":["post-17","page","type-page","status-publish","hentry"],"_links":{"self":[{"href":"https:\/\/fge.usthb.dz\/dept_auto\/index.php\/wp-json\/wp\/v2\/pages\/17","targetHints":{"allow":["GET"]}}],"collection":[{"href":"https:\/\/fge.usthb.dz\/dept_auto\/index.php\/wp-json\/wp\/v2\/pages"}],"about":[{"href":"https:\/\/fge.usthb.dz\/dept_auto\/index.php\/wp-json\/wp\/v2\/types\/page"}],"author":[{"embeddable":true,"href":"https:\/\/fge.usthb.dz\/dept_auto\/index.php\/wp-json\/wp\/v2\/users\/1"}],"replies":[{"embeddable":true,"href":"https:\/\/fge.usthb.dz\/dept_auto\/index.php\/wp-json\/wp\/v2\/comments?post=17"}],"version-history":[{"count":12,"href":"https:\/\/fge.usthb.dz\/dept_auto\/index.php\/wp-json\/wp\/v2\/pages\/17\/revisions"}],"predecessor-version":[{"id":400,"href":"https:\/\/fge.usthb.dz\/dept_auto\/index.php\/wp-json\/wp\/v2\/pages\/17\/revisions\/400"}],"wp:attachment":[{"href":"https:\/\/fge.usthb.dz\/dept_auto\/index.php\/wp-json\/wp\/v2\/media?parent=17"}],"curies":[{"name":"wp","href":"https:\/\/api.w.org\/{rel}","templated":true}]}}