{"id":10,"date":"2022-03-10T13:40:26","date_gmt":"2022-03-10T13:40:26","guid":{"rendered":"http:\/\/10.1.1.192\/dept_auto\/?page_id=10"},"modified":"2023-01-29T12:50:25","modified_gmt":"2023-01-29T12:50:25","slug":"presentation","status":"publish","type":"page","link":"https:\/\/fge.usthb.dz\/dept_auto\/index.php\/presentation\/","title":{"rendered":"Pr\u00e9sentation"},"content":{"rendered":"\n<p>L\u2019automatique est une science qui traite de la mod\u00e9lisation, de l\u2019analyse, de l\u2019identification et de la commande des syst\u00e8mes dynamiques. Elle inclut la cybern\u00e9tique au sens \u00e9tymologique du terme, et a pour fondements th\u00e9oriques les math\u00e9matiques, la th\u00e9orie du signal et l\u2019informatique th\u00e9orique. L\u2019automatique permet de commander un syst\u00e8me en respectant un cahier des charges (rapidit\u00e9, pr\u00e9cision, stabilit\u00e9\u2026).<\/p>\n\n\n\n<p>Cr\u00e9ation de D\u00e9partement d\u2019Automatique (Arr\u00eat\u00e9 N\u00b057 du 26 janvier 2022) de la Facult\u00e9 de G\u00e9nie Electrique (D\u00e9cret ex\u00e9cutif n\u00b0 21-467 du 21 novembre 2021) .<\/p>\n\n\n\n<p><a href=\"https:\/\/fge.usthb.dz\/dept_electro\/wp-content\/uploads\/2022\/05\/\u0642\u0631\u0627\u0631-057-\u0625\u0646\u0634\u0627\u0621-\u0627\u0644\u0623\u0642\u0633\u0627\u0645-\u0643\u0644\u064a\u0629-\u0627\u0644\u0647\u0646\u062f\u0633\u0629-\u0627\u0644\u0643\u0647\u0631\u0628\u0627\u0626\u064a\u0629-\u062c\u0627\u0645\u0639\u0629-\u0647\u0648\u0627\u0631\u064a-\u0628\u0648\u0645\u062f\u064a\u0646.pdf\">La d\u00e9cision de cr\u00e9er un d\u00e9partement Automatique<\/a><\/p>\n\n\n\n<p><\/p>\n\n\n\n<p><\/p>\n","protected":false},"excerpt":{"rendered":"<p>L\u2019automatique est une science qui traite de la mod\u00e9lisation, de l\u2019analyse, de l\u2019identification et de <span class=\"readmore\"><a href=\"https:\/\/fge.usthb.dz\/dept_auto\/index.php\/presentation\/\">Suite<\/a><\/span><\/p>\n","protected":false},"author":1,"featured_media":0,"parent":0,"menu_order":0,"comment_status":"closed","ping_status":"closed","template":"","meta":{"footnotes":""},"class_list":["post-10","page","type-page","status-publish","hentry"],"_links":{"self":[{"href":"https:\/\/fge.usthb.dz\/dept_auto\/index.php\/wp-json\/wp\/v2\/pages\/10","targetHints":{"allow":["GET"]}}],"collection":[{"href":"https:\/\/fge.usthb.dz\/dept_auto\/index.php\/wp-json\/wp\/v2\/pages"}],"about":[{"href":"https:\/\/fge.usthb.dz\/dept_auto\/index.php\/wp-json\/wp\/v2\/types\/page"}],"author":[{"embeddable":true,"href":"https:\/\/fge.usthb.dz\/dept_auto\/index.php\/wp-json\/wp\/v2\/users\/1"}],"replies":[{"embeddable":true,"href":"https:\/\/fge.usthb.dz\/dept_auto\/index.php\/wp-json\/wp\/v2\/comments?post=10"}],"version-history":[{"count":10,"href":"https:\/\/fge.usthb.dz\/dept_auto\/index.php\/wp-json\/wp\/v2\/pages\/10\/revisions"}],"predecessor-version":[{"id":419,"href":"https:\/\/fge.usthb.dz\/dept_auto\/index.php\/wp-json\/wp\/v2\/pages\/10\/revisions\/419"}],"wp:attachment":[{"href":"https:\/\/fge.usthb.dz\/dept_auto\/index.php\/wp-json\/wp\/v2\/media?parent=10"}],"curies":[{"name":"wp","href":"https:\/\/api.w.org\/{rel}","templated":true}]}}